{"id":42,"date":"2019-09-18T16:57:12","date_gmt":"2019-09-18T15:57:12","guid":{"rendered":"https:\/\/www.cm-fornosdealgodres.pt\/birdwatching\/?page_id=42"},"modified":"2020-02-18T14:19:08","modified_gmt":"2020-02-18T14:19:08","slug":"adicionar-observacao","status":"publish","type":"page","link":"https:\/\/www.cm-fornosdealgodres.pt\/birdwatching\/adicionar-observacao\/","title":{"rendered":"Adicionar Observa\u00e7\u00e3o"},"content":{"rendered":"<div id='full_slider_1'  class='avia-fullwidth-slider main_color avia-shadow   avia-builder-el-0  avia-builder-el-no-sibling   container_wrap sidebar_right'  >\n<style type=\"text\/css\" data-created_by=\"avia_inline_auto\" id=\"style-css-av-k6rtymgj-e1a90584f4beb4e900eb135d29cb1a58\">\n#top #wrap_all .avia-slideshow .av-slideshow-caption.av-k6rtymgj-e1a90584f4beb4e900eb135d29cb1a58__0 .avia-caption-title{\nfont-size:54px;\n}\n#top .avia-slideshow .av-slideshow-caption.av-k6rtymgj-e1a90584f4beb4e900eb135d29cb1a58__0 .avia-caption-content{\nfont-size:20px;\n}\n#top .avia-slideshow .av-slideshow-caption.av-k6rtymgj-e1a90584f4beb4e900eb135d29cb1a58__0 .avia-caption-content p{\nfont-size:20px;\n}\n<\/style>\n<div  class='avia-slideshow av-k6rtymgj-e1a90584f4beb4e900eb135d29cb1a58 avia-slideshow-featured av_slideshow_full avia-slide-slider av-slideshow-ui av-control-default av-slideshow-manual av-loop-once av-loop-manual-endless av-default-height-applied   avia-slideshow-1' data-slideshow-options=\"{&quot;animation&quot;:&quot;slide&quot;,&quot;autoplay&quot;:false,&quot;loop_autoplay&quot;:&quot;once&quot;,&quot;interval&quot;:5,&quot;loop_manual&quot;:&quot;manual-endless&quot;,&quot;autoplay_stopper&quot;:false,&quot;noNavigation&quot;:false,&quot;bg_slider&quot;:false,&quot;keep_padding&quot;:false,&quot;hoverpause&quot;:false,&quot;show_slide_delay&quot;:0}\"  itemprop=\"image\" itemscope=\"itemscope\" itemtype=\"https:\/\/schema.org\/ImageObject\" ><ul class='avia-slideshow-inner ' style='padding-bottom: 28.666666666667%;'><li  class='avia-slideshow-slide av-k6rtymgj-e1a90584f4beb4e900eb135d29cb1a58__0  av-single-slide slide-1 slide-odd'><div data-rel='slideshow-1' class='avia-slide-wrap '   ><img decoding=\"async\" fetchpriority=\"high\" class=\"wp-image-326 avia-img-lazy-loading-not-326\"  src=\"https:\/\/www.cm-fornosdealgodres.pt\/birdwatching\/wp-content\/uploads\/sites\/5\/2020\/02\/homepage-birdwatching-1500x430.jpg\" width=\"1500\" height=\"430\" title='homepage-birdwatching' alt=''  itemprop=\"thumbnailUrl\"   \/><\/div><\/li><\/ul><div class='av-slideshow-caption av-k6rtymgj-e1a90584f4beb4e900eb135d29cb1a58__0 caption_fullwidth caption_center'><div class=\"container caption_container\"><div class=\"slideshow_caption\"><div class=\"slideshow_inner_caption\"><div class=\"slideshow_align_caption\"><h2 class='avia-caption-title '  itemprop=\"name\" >Submeter Observa\u00e7\u00e3o<\/h2><div class='avia-caption-content '  itemprop=\"description\" ><p>Identifique o local onde realizou as suas observa\u00e7\u00f5es e complete com a informa\u00e7\u00e3o relativa \u00e0s esp\u00e9cies observadas.<\/p>\n<\/div><\/div><\/div><\/div><\/div><\/div><\/div><\/div>\n","protected":false},"excerpt":{"rendered":"","protected":false},"author":1,"featured_media":0,"parent":0,"menu_order":2,"comment_status":"closed","ping_status":"closed","template":"page-birdwatching-observacao.php","meta":{"_acf_changed":false,"footnotes":""},"class_list":["post-42","page","type-page","status-publish","hentry"],"acf":[],"yoast_head":"<!-- This site is optimized with the Yoast SEO plugin v27.4 - https:\/\/yoast.com\/product\/yoast-seo-wordpress\/ -->\n<title>Adicionar Observa\u00e7\u00e3o - Birdwatching<\/title>\n<meta name=\"robots\" content=\"index, follow, max-snippet:-1, max-image-preview:large, max-video-preview:-1\" \/>\n<link rel=\"canonical\" href=\"https:\/\/www.cm-fornosdealgodres.pt\/birdwatching\/adicionar-observacao\/\" \/>\n<meta property=\"og:locale\" content=\"pt_PT\" \/>\n<meta property=\"og:type\" content=\"article\" \/>\n<meta property=\"og:title\" content=\"Adicionar Observa\u00e7\u00e3o - Birdwatching\" \/>\n<meta property=\"og:url\" content=\"https:\/\/www.cm-fornosdealgodres.pt\/birdwatching\/adicionar-observacao\/\" \/>\n<meta property=\"og:site_name\" content=\"Birdwatching\" \/>\n<meta property=\"article:modified_time\" content=\"2020-02-18T14:19:08+00:00\" \/>\n<meta name=\"twitter:card\" content=\"summary_large_image\" \/>\n<meta name=\"twitter:label1\" content=\"Tempo estimado de leitura\" \/>\n\t<meta name=\"twitter:data1\" content=\"1 minuto\" \/>\n<script type=\"application\/ld+json\" class=\"yoast-schema-graph\">{\"@context\":\"https:\\\/\\\/schema.org\",\"@graph\":[{\"@type\":\"WebPage\",\"@id\":\"https:\\\/\\\/www.cm-fornosdealgodres.pt\\\/birdwatching\\\/adicionar-observacao\\\/\",\"url\":\"https:\\\/\\\/www.cm-fornosdealgodres.pt\\\/birdwatching\\\/adicionar-observacao\\\/\",\"name\":\"Adicionar Observa\u00e7\u00e3o - Birdwatching\",\"isPartOf\":{\"@id\":\"https:\\\/\\\/www.cm-fornosdealgodres.pt\\\/birdwatching\\\/#website\"},\"datePublished\":\"2019-09-18T15:57:12+00:00\",\"dateModified\":\"2020-02-18T14:19:08+00:00\",\"breadcrumb\":{\"@id\":\"https:\\\/\\\/www.cm-fornosdealgodres.pt\\\/birdwatching\\\/adicionar-observacao\\\/#breadcrumb\"},\"inLanguage\":\"pt-PT\",\"potentialAction\":[{\"@type\":\"ReadAction\",\"target\":[\"https:\\\/\\\/www.cm-fornosdealgodres.pt\\\/birdwatching\\\/adicionar-observacao\\\/\"]}]},{\"@type\":\"BreadcrumbList\",\"@id\":\"https:\\\/\\\/www.cm-fornosdealgodres.pt\\\/birdwatching\\\/adicionar-observacao\\\/#breadcrumb\",\"itemListElement\":[{\"@type\":\"ListItem\",\"position\":1,\"name\":\"In\u00edcio\",\"item\":\"https:\\\/\\\/www.cm-fornosdealgodres.pt\\\/birdwatching\\\/\"},{\"@type\":\"ListItem\",\"position\":2,\"name\":\"Adicionar Observa\u00e7\u00e3o\"}]},{\"@type\":\"WebSite\",\"@id\":\"https:\\\/\\\/www.cm-fornosdealgodres.pt\\\/birdwatching\\\/#website\",\"url\":\"https:\\\/\\\/www.cm-fornosdealgodres.pt\\\/birdwatching\\\/\",\"name\":\"Birdwatching\",\"description\":\"Mais um site Sites de Munic\u00edpio de Fornos de Algodres\",\"potentialAction\":[{\"@type\":\"SearchAction\",\"target\":{\"@type\":\"EntryPoint\",\"urlTemplate\":\"https:\\\/\\\/www.cm-fornosdealgodres.pt\\\/birdwatching\\\/?s={search_term_string}\"},\"query-input\":{\"@type\":\"PropertyValueSpecification\",\"valueRequired\":true,\"valueName\":\"search_term_string\"}}],\"inLanguage\":\"pt-PT\"}]}<\/script>\n<!-- \/ Yoast SEO plugin. -->","yoast_head_json":{"title":"Adicionar Observa\u00e7\u00e3o - Birdwatching","robots":{"index":"index","follow":"follow","max-snippet":"max-snippet:-1","max-image-preview":"max-image-preview:large","max-video-preview":"max-video-preview:-1"},"canonical":"https:\/\/www.cm-fornosdealgodres.pt\/birdwatching\/adicionar-observacao\/","og_locale":"pt_PT","og_type":"article","og_title":"Adicionar Observa\u00e7\u00e3o - Birdwatching","og_url":"https:\/\/www.cm-fornosdealgodres.pt\/birdwatching\/adicionar-observacao\/","og_site_name":"Birdwatching","article_modified_time":"2020-02-18T14:19:08+00:00","twitter_card":"summary_large_image","twitter_misc":{"Tempo estimado de leitura":"1 minuto"},"schema":{"@context":"https:\/\/schema.org","@graph":[{"@type":"WebPage","@id":"https:\/\/www.cm-fornosdealgodres.pt\/birdwatching\/adicionar-observacao\/","url":"https:\/\/www.cm-fornosdealgodres.pt\/birdwatching\/adicionar-observacao\/","name":"Adicionar Observa\u00e7\u00e3o - Birdwatching","isPartOf":{"@id":"https:\/\/www.cm-fornosdealgodres.pt\/birdwatching\/#website"},"datePublished":"2019-09-18T15:57:12+00:00","dateModified":"2020-02-18T14:19:08+00:00","breadcrumb":{"@id":"https:\/\/www.cm-fornosdealgodres.pt\/birdwatching\/adicionar-observacao\/#breadcrumb"},"inLanguage":"pt-PT","potentialAction":[{"@type":"ReadAction","target":["https:\/\/www.cm-fornosdealgodres.pt\/birdwatching\/adicionar-observacao\/"]}]},{"@type":"BreadcrumbList","@id":"https:\/\/www.cm-fornosdealgodres.pt\/birdwatching\/adicionar-observacao\/#breadcrumb","itemListElement":[{"@type":"ListItem","position":1,"name":"In\u00edcio","item":"https:\/\/www.cm-fornosdealgodres.pt\/birdwatching\/"},{"@type":"ListItem","position":2,"name":"Adicionar Observa\u00e7\u00e3o"}]},{"@type":"WebSite","@id":"https:\/\/www.cm-fornosdealgodres.pt\/birdwatching\/#website","url":"https:\/\/www.cm-fornosdealgodres.pt\/birdwatching\/","name":"Birdwatching","description":"Mais um site Sites de Munic\u00edpio de Fornos de Algodres","potentialAction":[{"@type":"SearchAction","target":{"@type":"EntryPoint","urlTemplate":"https:\/\/www.cm-fornosdealgodres.pt\/birdwatching\/?s={search_term_string}"},"query-input":{"@type":"PropertyValueSpecification","valueRequired":true,"valueName":"search_term_string"}}],"inLanguage":"pt-PT"}]}},"_links":{"self":[{"href":"https:\/\/www.cm-fornosdealgodres.pt\/birdwatching\/wp-json\/wp\/v2\/pages\/42","targetHints":{"allow":["GET"]}}],"collection":[{"href":"https:\/\/www.cm-fornosdealgodres.pt\/birdwatching\/wp-json\/wp\/v2\/pages"}],"about":[{"href":"https:\/\/www.cm-fornosdealgodres.pt\/birdwatching\/wp-json\/wp\/v2\/types\/page"}],"author":[{"embeddable":true,"href":"https:\/\/www.cm-fornosdealgodres.pt\/birdwatching\/wp-json\/wp\/v2\/users\/1"}],"replies":[{"embeddable":true,"href":"https:\/\/www.cm-fornosdealgodres.pt\/birdwatching\/wp-json\/wp\/v2\/comments?post=42"}],"version-history":[{"count":0,"href":"https:\/\/www.cm-fornosdealgodres.pt\/birdwatching\/wp-json\/wp\/v2\/pages\/42\/revisions"}],"wp:attachment":[{"href":"https:\/\/www.cm-fornosdealgodres.pt\/birdwatching\/wp-json\/wp\/v2\/media?parent=42"}],"curies":[{"name":"wp","href":"https:\/\/api.w.org\/{rel}","templated":true}]}}