{"id":14571,"date":"2019-04-12T15:00:24","date_gmt":"2019-04-12T14:00:24","guid":{"rendered":"https:\/\/www.cm-fornosdealgodres.pt\/plataforma-jovem\/register\/"},"modified":"2020-08-11T17:39:26","modified_gmt":"2020-08-11T16:39:26","slug":"registo-de-utilizador","status":"publish","type":"page","link":"https:\/\/www.cm-fornosdealgodres.pt\/plataforma-jovem\/registo-de-utilizador\/","title":{"rendered":"Registo de Utilizador"},"content":{"rendered":"\n<form method=\"post\" action=\"https:\/\/www.cm-fornosdealgodres.pt\/plataforma-jovem\/wp-login.php\" class=\"bbp-login-form\">\n\t<fieldset class=\"bbp-form\">\n\t\t<legend>Criar uma conta<\/legend>\n\n\t\t\n\t\t<div class=\"bbp-template-notice\">\n\t\t\t<ul>\n\t\t\t\t<li>O seu nome do utilizador deve ser \u00fanico e n\u00e3o poder\u00e1 ser alterado mais tarde.<\/li>\n\t\t\t\t<li>O seu endere\u00e7o de email ser\u00e1 utilizado para verificar a sua conta e para lhe enviar a sua senha.<\/li>\n\t\t\t<\/ul>\n\t\t<\/div>\n\n\t\t<div class=\"bbp-username\">\n\t\t\t<label for=\"user_login\">Nome de utilizador: <\/label>\n\t\t\t<input type=\"text\" name=\"user_login\" value=\"\" size=\"20\" id=\"user_login\" maxlength=\"100\" autocomplete=\"off\" \/>\n\t\t<\/div>\n\n\t\t<div class=\"bbp-email\">\n\t\t\t<label for=\"user_email\">Email: <\/label>\n\t\t\t<input type=\"text\" name=\"user_email\" value=\"\" size=\"20\" id=\"user_email\" maxlength=\"100\" autocomplete=\"off\" \/>\n\t\t<\/div>\n\n\t\t<style type=\"text\/css\">div.nsl-container[data-align=\"left\"] {\n    text-align: left;\n}\n\ndiv.nsl-container[data-align=\"center\"] {\n    text-align: center;\n}\n\ndiv.nsl-container[data-align=\"right\"] {\n    text-align: right;\n}\n\n\ndiv.nsl-container div.nsl-container-buttons a[data-plugin=\"nsl\"] {\n    text-decoration: none;\n    box-shadow: none;\n    border: 0;\n}\n\ndiv.nsl-container .nsl-container-buttons {\n    display: flex;\n    padding: 5px 0;\n}\n\ndiv.nsl-container.nsl-container-block .nsl-container-buttons {\n    display: inline-grid;\n    grid-template-columns: minmax(145px, auto);\n}\n\ndiv.nsl-container-block-fullwidth .nsl-container-buttons {\n    flex-flow: column;\n    align-items: center;\n}\n\ndiv.nsl-container-block-fullwidth .nsl-container-buttons a,\ndiv.nsl-container-block .nsl-container-buttons a {\n    flex: 1 1 auto;\n    display: block;\n    margin: 5px 0;\n    width: 100%;\n}\n\ndiv.nsl-container-inline {\n    margin: -5px;\n    text-align: left;\n}\n\ndiv.nsl-container-inline .nsl-container-buttons {\n    justify-content: center;\n    flex-wrap: wrap;\n}\n\ndiv.nsl-container-inline .nsl-container-buttons a {\n    margin: 5px;\n    display: inline-block;\n}\n\ndiv.nsl-container-grid .nsl-container-buttons {\n    flex-flow: row;\n    align-items: center;\n    flex-wrap: wrap;\n}\n\ndiv.nsl-container-grid .nsl-container-buttons a {\n    flex: 1 1 auto;\n    display: block;\n    margin: 5px;\n    max-width: 280px;\n    width: 100%;\n}\n\n@media only screen and (min-width: 650px) {\n    div.nsl-container-grid .nsl-container-buttons a {\n        width: auto;\n    }\n}\n\ndiv.nsl-container .nsl-button {\n    cursor: pointer;\n    vertical-align: top;\n    border-radius: 4px;\n}\n\ndiv.nsl-container .nsl-button-default {\n    color: #fff;\n    display: flex;\n}\n\ndiv.nsl-container .nsl-button-icon {\n    display: inline-block;\n}\n\ndiv.nsl-container .nsl-button-svg-container {\n    flex: 0 0 auto;\n    padding: 8px;\n    display: flex;\n    align-items: center;\n}\n\ndiv.nsl-container svg {\n    height: 24px;\n    width: 24px;\n    vertical-align: top;\n}\n\ndiv.nsl-container .nsl-button-default div.nsl-button-label-container {\n    margin: 0 24px 0 12px;\n    padding: 10px 0;\n    font-family: Helvetica, Arial, sans-serif;\n    font-size: 16px;\n    line-height: 20px;\n    letter-spacing: .25px;\n    overflow: hidden;\n    text-align: center;\n    text-overflow: clip;\n    white-space: nowrap;\n    flex: 1 1 auto;\n    -webkit-font-smoothing: antialiased;\n    -moz-osx-font-smoothing: grayscale;\n    text-transform: none;\n    display: inline-block;\n}\n\ndiv.nsl-container .nsl-button-google[data-skin=\"light\"] {\n    box-shadow: inset 0 0 0 1px #747775;\n    color: #1f1f1f;\n}\n\ndiv.nsl-container .nsl-button-google[data-skin=\"dark\"] {\n    box-shadow: inset 0 0 0 1px #8E918F;\n    color: #E3E3E3;\n}\n\ndiv.nsl-container .nsl-button-google[data-skin=\"neutral\"] {\n    color: #1F1F1F;\n}\n\ndiv.nsl-container .nsl-button-google div.nsl-button-label-container {\n    font-family: \"Roboto Medium\", Roboto, Helvetica, Arial, sans-serif;\n}\n\ndiv.nsl-container .nsl-button-apple .nsl-button-svg-container {\n    padding: 0 6px;\n}\n\ndiv.nsl-container .nsl-button-apple .nsl-button-svg-container svg {\n    height: 40px;\n    width: auto;\n}\n\ndiv.nsl-container .nsl-button-apple[data-skin=\"light\"] {\n    color: #000;\n    box-shadow: 0 0 0 1px #000;\n}\n\ndiv.nsl-container .nsl-button-facebook[data-skin=\"white\"] {\n    color: #000;\n    box-shadow: inset 0 0 0 1px #000;\n}\n\ndiv.nsl-container .nsl-button-facebook[data-skin=\"light\"] {\n    color: #1877F2;\n    box-shadow: inset 0 0 0 1px #1877F2;\n}\n\ndiv.nsl-container .nsl-button-spotify[data-skin=\"white\"] {\n    color: #191414;\n    box-shadow: inset 0 0 0 1px #191414;\n}\n\ndiv.nsl-container .nsl-button-apple div.nsl-button-label-container {\n    font-size: 17px;\n    font-family: -apple-system, BlinkMacSystemFont, \"Segoe UI\", Roboto, Helvetica, Arial, sans-serif, \"Apple Color Emoji\", \"Segoe UI Emoji\", \"Segoe UI Symbol\";\n}\n\ndiv.nsl-container .nsl-button-slack div.nsl-button-label-container {\n    font-size: 17px;\n    font-family: -apple-system, BlinkMacSystemFont, \"Segoe UI\", Roboto, Helvetica, Arial, sans-serif, \"Apple Color Emoji\", \"Segoe UI Emoji\", \"Segoe UI Symbol\";\n}\n\ndiv.nsl-container .nsl-button-slack[data-skin=\"light\"] {\n    color: #000000;\n    box-shadow: inset 0 0 0 1px #DDDDDD;\n}\n\ndiv.nsl-container .nsl-button-tiktok[data-skin=\"light\"] {\n    color: #161823;\n    box-shadow: 0 0 0 1px rgba(22, 24, 35, 0.12);\n}\n\n\ndiv.nsl-container .nsl-button-kakao {\n    color: rgba(0, 0, 0, 0.85);\n}\n\n.nsl-clear {\n    clear: both;\n}\n\n.nsl-container {\n    clear: both;\n}\n\n.nsl-disabled-provider .nsl-button {\n    filter: grayscale(1);\n    opacity: 0.8;\n}\n\n\/*Button align start*\/\n\ndiv.nsl-container-inline[data-align=\"left\"] .nsl-container-buttons {\n    justify-content: flex-start;\n}\n\ndiv.nsl-container-inline[data-align=\"center\"] .nsl-container-buttons {\n    justify-content: center;\n}\n\ndiv.nsl-container-inline[data-align=\"right\"] .nsl-container-buttons {\n    justify-content: flex-end;\n}\n\n\ndiv.nsl-container-grid[data-align=\"left\"] .nsl-container-buttons {\n    justify-content: flex-start;\n}\n\ndiv.nsl-container-grid[data-align=\"center\"] .nsl-container-buttons {\n    justify-content: center;\n}\n\ndiv.nsl-container-grid[data-align=\"right\"] .nsl-container-buttons {\n    justify-content: flex-end;\n}\n\ndiv.nsl-container-grid[data-align=\"space-around\"] .nsl-container-buttons {\n    justify-content: space-around;\n}\n\ndiv.nsl-container-grid[data-align=\"space-between\"] .nsl-container-buttons {\n    justify-content: space-between;\n}\n\n\/* Button align end*\/\n\n\/* Redirect *\/\n\n#nsl-redirect-overlay {\n    display: flex;\n    flex-direction: column;\n    justify-content: center;\n    align-items: center;\n    position: fixed;\n    z-index: 1000000;\n    left: 0;\n    top: 0;\n    width: 100%;\n    height: 100%;\n    backdrop-filter: blur(1px);\n    background-color: RGBA(0, 0, 0, .32);;\n}\n\n#nsl-redirect-overlay-container {\n    display: flex;\n    flex-direction: column;\n    justify-content: center;\n    align-items: center;\n    background-color: white;\n    padding: 30px;\n    border-radius: 10px;\n}\n\n#nsl-redirect-overlay-spinner {\n    content: '';\n    display: block;\n    margin: 20px;\n    border: 9px solid RGBA(0, 0, 0, .6);\n    border-top: 9px solid #fff;\n    border-radius: 50%;\n    box-shadow: inset 0 0 0 1px RGBA(0, 0, 0, .6), 0 0 0 1px RGBA(0, 0, 0, .6);\n    width: 40px;\n    height: 40px;\n    animation: nsl-loader-spin 2s linear infinite;\n}\n\n@keyframes nsl-loader-spin {\n    0% {\n        transform: rotate(0deg)\n    }\n    to {\n        transform: rotate(360deg)\n    }\n}\n\n#nsl-redirect-overlay-title {\n    font-family: -apple-system, BlinkMacSystemFont, \"Segoe UI\", Roboto, Oxygen-Sans, Ubuntu, Cantarell, \"Helvetica Neue\", sans-serif;\n    font-size: 18px;\n    font-weight: bold;\n    color: #3C434A;\n}\n\n#nsl-redirect-overlay-text {\n    font-family: -apple-system, BlinkMacSystemFont, \"Segoe UI\", Roboto, Oxygen-Sans, Ubuntu, Cantarell, \"Helvetica Neue\", sans-serif;\n    text-align: center;\n    font-size: 14px;\n    color: #3C434A;\n}\n\n\/* Redirect END*\/<\/style><style type=\"text\/css\">\/* Notice fallback *\/\n#nsl-notices-fallback {\n    position: fixed;\n    right: 10px;\n    top: 10px;\n    z-index: 10000;\n}\n\n.admin-bar #nsl-notices-fallback {\n    top: 42px;\n}\n\n#nsl-notices-fallback > div {\n    position: relative;\n    background: #fff;\n    border-left: 4px solid #fff;\n    box-shadow: 0 1px 1px 0 rgba(0, 0, 0, .1);\n    margin: 5px 15px 2px;\n    padding: 1px 20px;\n}\n\n#nsl-notices-fallback > div.error {\n    display: block;\n    border-left-color: #dc3232;\n}\n\n#nsl-notices-fallback > div.updated {\n    display: block;\n    border-left-color: #46b450;\n}\n\n#nsl-notices-fallback p {\n    margin: .5em 0;\n    padding: 2px;\n}\n\n#nsl-notices-fallback > div:after {\n    position: absolute;\n    right: 5px;\n    top: 5px;\n    content: '\\00d7';\n    display: block;\n    height: 16px;\n    width: 16px;\n    line-height: 16px;\n    text-align: center;\n    font-size: 20px;\n    cursor: pointer;\n}<\/style><div id=\"nsl-custom-login-form-1\"><div class=\"nsl-container nsl-container-block\" data-align=\"left\"><div class=\"nsl-container-buttons\"><a href=\"https:\/\/www.cm-fornosdealgodres.pt\/plataforma-jovem\/wp-login.php?loginSocial=facebook&#038;redirect=https%3A%2F%2Fwww.cm-fornosdealgodres.pt%2Fplataforma-jovem%2Fwp-json%2Fwp%2Fv2%2Fpages%2F14571\" rel=\"nofollow\" aria-label=\"Login com o &lt;b&gt;Facebook&lt;\/b&gt;\" data-plugin=\"nsl\" data-action=\"connect\" data-provider=\"facebook\" data-popupwidth=\"600\" data-popupheight=\"679\"><div class=\"nsl-button nsl-button-default nsl-button-facebook\" data-skin=\"dark\" style=\"background-color:#1877F2;\"><div class=\"nsl-button-svg-container\"><svg xmlns=\"http:\/\/www.w3.org\/2000\/svg\" viewBox=\"0 0 1365.3 1365.3\" height=\"24\" width=\"24\"><path d=\"M1365.3 682.7A682.7 682.7 0 10576 1357V880H402.7V682.7H576V532.3c0-171.1 102-265.6 257.9-265.6 74.6 0 152.8 13.3 152.8 13.3v168h-86.1c-84.8 0-111.3 52.6-111.3 106.6v128h189.4L948.4 880h-159v477a682.8 682.8 0 00576-674.3\" fill=\"#fff\"\/><\/svg><\/div><div class=\"nsl-button-label-container\">Login com o <b>Facebook<\/b><\/div><\/div><\/a><\/div><\/div><\/div><script type=\"text\/javascript\">\n    window._nslDOMReady(function () {\n        var container = document.getElementById('nsl-custom-login-form-1'),\n            form = container.closest('form');\n\n        var innerContainer = container.querySelector('.nsl-container');\n        if (innerContainer) {\n            innerContainer.classList.add('nsl-container-embedded-login-layout-below');\n            innerContainer.style.display = 'block';\n        }\n\n        form.appendChild(container);\n    });\n<\/script>\n<style type=\"text\/css\">\n    \n    #nsl-custom-login-form-1 .nsl-container {\n        display: none;\n    }\n\n    #nsl-custom-login-form-1 .nsl-container-embedded-login-layout-below {\n        clear: both;\n        padding: 20px 0 0;\n    }\n\n    .login form {\n        padding-bottom: 20px;\n    }<\/style>\n\n\t\t<div class=\"bbp-submit-wrapper\">\n\n\t\t\t<button type=\"submit\" name=\"user-submit\" class=\"button submit user-submit\">Registar<\/button>\n\n\t\t\t\n\t<input type=\"hidden\" name=\"action\"      value=\"register\" \/>\n\t<input type=\"hidden\" name=\"user-cookie\" value=\"1\" \/>\n\n\t<input type=\"hidden\" id=\"bbp_redirect_to\" name=\"redirect_to\" value=\"?checkemail=registered\" \/><input type=\"hidden\" id=\"_wpnonce\" name=\"_wpnonce\" value=\"66bab93e18\" \/><input type=\"hidden\" name=\"_wp_http_referer\" value=\"\/plataforma-jovem\/wp-json\/wp\/v2\/pages\/14571\" \/>\n\t\t<\/div>\n\n\t\t\n\t<\/fieldset>\n<\/form>\n\n","protected":false},"excerpt":{"rendered":"","protected":false},"author":1,"featured_media":0,"parent":0,"menu_order":5,"comment_status":"closed","ping_status":"closed","template":"","meta":{"_acf_changed":false,"_bbp_topic_count":0,"_bbp_reply_count":0,"_bbp_total_topic_count":0,"_bbp_total_reply_count":0,"_bbp_voice_count":0,"_bbp_anonymous_reply_count":0,"_bbp_topic_count_hidden":0,"_bbp_reply_count_hidden":0,"_bbp_forum_subforum_count":0,"footnotes":""},"class_list":["post-14571","page","type-page","status-publish","hentry"],"acf":[],"yoast_head":"<!-- This site is optimized with the Yoast SEO plugin v27.5 - https:\/\/yoast.com\/product\/yoast-seo-wordpress\/ -->\n<title>Registo de Utilizador - Plataforma-jovem<\/title>\n<meta name=\"robots\" content=\"index, follow, max-snippet:-1, max-image-preview:large, max-video-preview:-1\" \/>\n<link rel=\"canonical\" href=\"https:\/\/www.cm-fornosdealgodres.pt\/plataforma-jovem\/registo-de-utilizador\/\" \/>\n<meta property=\"og:locale\" content=\"pt_PT\" \/>\n<meta property=\"og:type\" content=\"article\" \/>\n<meta property=\"og:title\" content=\"Registo de Utilizador - Plataforma-jovem\" \/>\n<meta property=\"og:url\" content=\"https:\/\/www.cm-fornosdealgodres.pt\/plataforma-jovem\/registo-de-utilizador\/\" \/>\n<meta property=\"og:site_name\" content=\"Plataforma-jovem\" \/>\n<meta property=\"article:modified_time\" content=\"2020-08-11T16:39:26+00:00\" \/>\n<meta name=\"twitter:card\" content=\"summary_large_image\" \/>\n<script type=\"application\/ld+json\" class=\"yoast-schema-graph\">{\"@context\":\"https:\\\/\\\/schema.org\",\"@graph\":[{\"@type\":\"WebPage\",\"@id\":\"https:\\\/\\\/www.cm-fornosdealgodres.pt\\\/plataforma-jovem\\\/registo-de-utilizador\\\/\",\"url\":\"https:\\\/\\\/www.cm-fornosdealgodres.pt\\\/plataforma-jovem\\\/registo-de-utilizador\\\/\",\"name\":\"Registo de Utilizador - Plataforma-jovem\",\"isPartOf\":{\"@id\":\"https:\\\/\\\/www.cm-fornosdealgodres.pt\\\/plataforma-jovem\\\/#website\"},\"datePublished\":\"2019-04-12T14:00:24+00:00\",\"dateModified\":\"2020-08-11T16:39:26+00:00\",\"breadcrumb\":{\"@id\":\"https:\\\/\\\/www.cm-fornosdealgodres.pt\\\/plataforma-jovem\\\/registo-de-utilizador\\\/#breadcrumb\"},\"inLanguage\":\"pt-PT\",\"potentialAction\":[{\"@type\":\"ReadAction\",\"target\":[\"https:\\\/\\\/www.cm-fornosdealgodres.pt\\\/plataforma-jovem\\\/registo-de-utilizador\\\/\"]}]},{\"@type\":\"BreadcrumbList\",\"@id\":\"https:\\\/\\\/www.cm-fornosdealgodres.pt\\\/plataforma-jovem\\\/registo-de-utilizador\\\/#breadcrumb\",\"itemListElement\":[{\"@type\":\"ListItem\",\"position\":1,\"name\":\"In\u00edcio\",\"item\":\"https:\\\/\\\/www.cm-fornosdealgodres.pt\\\/plataforma-jovem\\\/\"},{\"@type\":\"ListItem\",\"position\":2,\"name\":\"Registo de Utilizador\"}]},{\"@type\":\"WebSite\",\"@id\":\"https:\\\/\\\/www.cm-fornosdealgodres.pt\\\/plataforma-jovem\\\/#website\",\"url\":\"https:\\\/\\\/www.cm-fornosdealgodres.pt\\\/plataforma-jovem\\\/\",\"name\":\"Plataforma-jovem\",\"description\":\"Uma hist\u00f3ria que nos toca\",\"potentialAction\":[{\"@type\":\"SearchAction\",\"target\":{\"@type\":\"EntryPoint\",\"urlTemplate\":\"https:\\\/\\\/www.cm-fornosdealgodres.pt\\\/plataforma-jovem\\\/?s={search_term_string}\"},\"query-input\":{\"@type\":\"PropertyValueSpecification\",\"valueRequired\":true,\"valueName\":\"search_term_string\"}}],\"inLanguage\":\"pt-PT\"}]}<\/script>\n<!-- \/ Yoast SEO plugin. -->","yoast_head_json":{"title":"Registo de Utilizador - Plataforma-jovem","robots":{"index":"index","follow":"follow","max-snippet":"max-snippet:-1","max-image-preview":"max-image-preview:large","max-video-preview":"max-video-preview:-1"},"canonical":"https:\/\/www.cm-fornosdealgodres.pt\/plataforma-jovem\/registo-de-utilizador\/","og_locale":"pt_PT","og_type":"article","og_title":"Registo de Utilizador - Plataforma-jovem","og_url":"https:\/\/www.cm-fornosdealgodres.pt\/plataforma-jovem\/registo-de-utilizador\/","og_site_name":"Plataforma-jovem","article_modified_time":"2020-08-11T16:39:26+00:00","twitter_card":"summary_large_image","schema":{"@context":"https:\/\/schema.org","@graph":[{"@type":"WebPage","@id":"https:\/\/www.cm-fornosdealgodres.pt\/plataforma-jovem\/registo-de-utilizador\/","url":"https:\/\/www.cm-fornosdealgodres.pt\/plataforma-jovem\/registo-de-utilizador\/","name":"Registo de Utilizador - Plataforma-jovem","isPartOf":{"@id":"https:\/\/www.cm-fornosdealgodres.pt\/plataforma-jovem\/#website"},"datePublished":"2019-04-12T14:00:24+00:00","dateModified":"2020-08-11T16:39:26+00:00","breadcrumb":{"@id":"https:\/\/www.cm-fornosdealgodres.pt\/plataforma-jovem\/registo-de-utilizador\/#breadcrumb"},"inLanguage":"pt-PT","potentialAction":[{"@type":"ReadAction","target":["https:\/\/www.cm-fornosdealgodres.pt\/plataforma-jovem\/registo-de-utilizador\/"]}]},{"@type":"BreadcrumbList","@id":"https:\/\/www.cm-fornosdealgodres.pt\/plataforma-jovem\/registo-de-utilizador\/#breadcrumb","itemListElement":[{"@type":"ListItem","position":1,"name":"In\u00edcio","item":"https:\/\/www.cm-fornosdealgodres.pt\/plataforma-jovem\/"},{"@type":"ListItem","position":2,"name":"Registo de Utilizador"}]},{"@type":"WebSite","@id":"https:\/\/www.cm-fornosdealgodres.pt\/plataforma-jovem\/#website","url":"https:\/\/www.cm-fornosdealgodres.pt\/plataforma-jovem\/","name":"Plataforma-jovem","description":"Uma hist\u00f3ria que nos toca","potentialAction":[{"@type":"SearchAction","target":{"@type":"EntryPoint","urlTemplate":"https:\/\/www.cm-fornosdealgodres.pt\/plataforma-jovem\/?s={search_term_string}"},"query-input":{"@type":"PropertyValueSpecification","valueRequired":true,"valueName":"search_term_string"}}],"inLanguage":"pt-PT"}]}},"_links":{"self":[{"href":"https:\/\/www.cm-fornosdealgodres.pt\/plataforma-jovem\/wp-json\/wp\/v2\/pages\/14571","targetHints":{"allow":["GET"]}}],"collection":[{"href":"https:\/\/www.cm-fornosdealgodres.pt\/plataforma-jovem\/wp-json\/wp\/v2\/pages"}],"about":[{"href":"https:\/\/www.cm-fornosdealgodres.pt\/plataforma-jovem\/wp-json\/wp\/v2\/types\/page"}],"author":[{"embeddable":true,"href":"https:\/\/www.cm-fornosdealgodres.pt\/plataforma-jovem\/wp-json\/wp\/v2\/users\/1"}],"replies":[{"embeddable":true,"href":"https:\/\/www.cm-fornosdealgodres.pt\/plataforma-jovem\/wp-json\/wp\/v2\/comments?post=14571"}],"version-history":[{"count":0,"href":"https:\/\/www.cm-fornosdealgodres.pt\/plataforma-jovem\/wp-json\/wp\/v2\/pages\/14571\/revisions"}],"wp:attachment":[{"href":"https:\/\/www.cm-fornosdealgodres.pt\/plataforma-jovem\/wp-json\/wp\/v2\/media?parent=14571"}],"curies":[{"name":"wp","href":"https:\/\/api.w.org\/{rel}","templated":true}]}}