{"id":98,"date":"2014-08-24T17:28:24","date_gmt":"2014-08-24T17:28:24","guid":{"rendered":"http:\/\/192.168.1.104\/enfold-blog\/?page_id=13"},"modified":"2019-04-12T15:52:59","modified_gmt":"2019-04-12T14:52:59","slug":"contactos","status":"publish","type":"page","link":"https:\/\/www.cm-fornosdealgodres.pt\/plataforma-jovem\/contactos\/","title":{"rendered":"Contactos"},"content":{"rendered":"<div  class='av_gmaps_sc_main_wrap av_gmaps_main_wrap '><div id='av_gmap_0' class='avia-google-map-container avia-google-map-sc av_gmaps_show_unconditionally av-no-fallback-img ' data-mapid='av_gmap_0'  style='height: 305px;'><a class=\"av_gmaps_browser_disabled av_text_confirm_link av_text_confirm_link_visible\" href=\"https:\/\/www.google.com\/maps\/search\/?api=1&#038;query=Estrada%20Nacional%2016%20%20Fornos%20de%20Algodres%20%20Portugal\" target=\"_blank\">Maps were disabled by the visitor on this site. Click to open the map in a new window.<\/a><\/div><\/div>\n<div id='av_section_1'  class='avia-section av-av_section-915b33fd1d6006bfc684ade488387eaf main_color avia-section-default avia-no-border-styling  avia-builder-el-1  el_after_av_google_map  avia-builder-el-last  avia-bg-style-scroll container_wrap sidebar_right'  ><div class='container av-section-cont-open' ><div class='template-page content  av-content-small alpha units'><div class='post-entry post-entry-type-page post-entry-98'><div class='entry-content-wrapper clearfix'>\n<div class='flex_column_table av-av_one_half-5dd07219fcc1bec85eb656accd636d3e sc-av_one_half av-equal-height-column-flextable'>\n<style type=\"text\/css\" data-created_by=\"avia_inline_auto\" id=\"style-css-av-av_one_half-5dd07219fcc1bec85eb656accd636d3e\">\n#top .flex_column_table.av-equal-height-column-flextable.av-av_one_half-5dd07219fcc1bec85eb656accd636d3e{\nmargin-top:-90px;\nmargin-bottom:0px;\n}\n.flex_column.av-av_one_half-5dd07219fcc1bec85eb656accd636d3e{\nborder-radius:0px 0px 0px 0px;\npadding:30px 30px 30px 30px;\nbackground-color:#ffffff;\n}\n<\/style>\n<div  class='flex_column av-av_one_half-5dd07219fcc1bec85eb656accd636d3e av_one_half  avia-builder-el-2  el_before_av_one_half  avia-builder-el-first  first no_margin flex_column_table_cell av-equal-height-column av-align-top  '     ><p>\n<style type=\"text\/css\" data-created_by=\"avia_inline_auto\" id=\"style-css-av-av_heading-27c26456aa7ee195d08a9eca6e1e556d\">\n#top .av-special-heading.av-av_heading-27c26456aa7ee195d08a9eca6e1e556d{\npadding-bottom:0;\nfont-size:30px;\n}\nbody .av-special-heading.av-av_heading-27c26456aa7ee195d08a9eca6e1e556d .av-special-heading-tag .heading-char{\nfont-size:25px;\n}\n#top #wrap_all .av-special-heading.av-av_heading-27c26456aa7ee195d08a9eca6e1e556d .av-special-heading-tag{\nfont-size:30px;\n}\n.av-special-heading.av-av_heading-27c26456aa7ee195d08a9eca6e1e556d .av-subheading{\nfont-size:13px;\n}\n\n@media only screen and (min-width: 480px) and (max-width: 767px){ \n#top #wrap_all .av-special-heading.av-av_heading-27c26456aa7ee195d08a9eca6e1e556d .av-special-heading-tag{\nfont-size:0.8em;\n}\n}\n\n@media only screen and (max-width: 479px){ \n#top #wrap_all .av-special-heading.av-av_heading-27c26456aa7ee195d08a9eca6e1e556d .av-special-heading-tag{\nfont-size:0.8em;\n}\n}\n<\/style>\n<div  class='av-special-heading av-av_heading-27c26456aa7ee195d08a9eca6e1e556d av-special-heading-h3 blockquote modern-quote modern-centered  avia-builder-el-3  el_before_av_hr  avia-builder-el-first  av-inherit-size'><h3 class='av-special-heading-tag '  itemprop=\"headline\"  >Onde nos encontrar<\/h3><div class='av-subheading av-subheading_below'><p>A sede do Munic\u00edpio fica junto \u00e0 Estrada Nacional 16<\/p>\n<\/div><div class=\"special-heading-border\"><div class=\"special-heading-inner-border\"><\/div><\/div><\/div><br \/>\n\n<style type=\"text\/css\" data-created_by=\"avia_inline_auto\" id=\"style-css-av-av_hr-b98e62bf4153ffb03d688f5837c66da9\">\n#top .hr.av-av_hr-b98e62bf4153ffb03d688f5837c66da9{\nmargin-top:30px;\nmargin-bottom:30px;\n}\n.hr.av-av_hr-b98e62bf4153ffb03d688f5837c66da9 .hr-inner{\nwidth:20%;\nmax-width:45%;\n}\n<\/style>\n<div  class='hr av-av_hr-b98e62bf4153ffb03d688f5837c66da9 hr-custom  avia-builder-el-4  el_after_av_heading  el_before_av_textblock  hr-center hr-icon-yes'><span class='hr-inner inner-border-av-border-thin'><span class=\"hr-inner-style\"><\/span><\/span><span class='av-seperator-icon avia-iconfont avia-font-entypo-fontello' data-av_icon='\ue8bf' data-av_iconfont='entypo-fontello' ><\/span><span class='hr-inner inner-border-av-border-thin'><span class=\"hr-inner-style\"><\/span><\/span><\/div><br \/>\n<section  class='av_textblock_section av-av_textblock-0366cc7376be6c9e82a3e9cc8987b64f '   itemscope=\"itemscope\" itemtype=\"https:\/\/schema.org\/CreativeWork\" ><div class='avia_textblock'  itemprop=\"text\" ><p>A melhor forma de chegar at\u00e9 Fornos de Algodres \u00e9 a utiliza\u00e7\u00e3o da A25. Deve sair no n\u00f3 de Fornos de Algodres.<\/p>\n<p><strong>\u00a0<\/strong><\/p>\n<p><strong>Morada:<\/strong><br \/>\nEstrada Nacional 16<br \/>\nApartado 15<br \/>\nFornos de Algodres<br \/>\n6370-999 Fornos de Algodres<\/p>\n<p><strong>Telefone:<\/strong><br \/>\n(+351) 271 700 060<\/p>\n<p><strong>E-Mail:<\/strong><br \/>\n<span style=\"color: #000000;\">geral@cm-fornosdealgodres.pt<\/span><\/p>\n<\/div><\/section><br \/>\n<section  class='av_textblock_section av-av_textblock-0366cc7376be6c9e82a3e9cc8987b64f '   itemscope=\"itemscope\" itemtype=\"https:\/\/schema.org\/CreativeWork\" ><div class='avia_textblock'  itemprop=\"text\" ><p><strong>Outros endere\u00e7os eletr\u00f3nicos<\/strong><\/p>\n<p><strong>Presid\u00eancia:<\/strong><br \/>\n<span style=\"color: #000000;\">presidencia@cm-fornosdealgodres.pt<\/span><\/p>\n<p><strong>Gabinete de Apoio ao Presidente:<\/strong><br \/>\n<span style=\"color: #000000;\">gap@cm-fornosdealgodres.pt<\/span><\/p>\n<p><strong>Gabinete de Comunica\u00e7\u00e3o e Imagem:<\/strong><br \/>\n<span style=\"color: #000000;\">gci@cm-fornosdealgodres.pt<\/span><\/p>\n<p><strong>Divis\u00e3o de Administra\u00e7\u00e3o e Finan\u00e7as:<\/strong><br \/>\n<span style=\"color: #000000;\">americo.domingues@cm-fornosdealgodres.pt<\/span><\/p>\n<p><strong>Divis\u00e3o T\u00e9cnica Municipal:<\/strong><br \/>\n<span style=\"color: #000000;\">paulo.santos@cm-fornosdealgodres.pt<\/span><\/p>\n<p><strong>Gabinete de Ac\u00e7\u00e3o Social:<\/strong><br \/>\n<span style=\"color: #000000;\">ac\u00e7ao.social@cm-fornosdealgodres.pt<\/span><\/p>\n<p><strong>Departamento de Pessoal:<\/strong><br \/>\n<span style=\"color: #000000;\">departamento.pessoal@cm-fornosdealgodres.pt<\/span><\/p>\n<p><strong>Sec\u00e7\u00e3o de Contabilidade:<\/strong><br \/>\n<span style=\"color: #000000;\">contabilidade@cm-fornosdealgodres.pt<\/span><\/p>\n<p><strong>Tesouraria:<\/strong><br \/>\n<span style=\"color: #000000;\">tesouraria@cm-fornosdealgodres.pt<\/span><\/p>\n<p><strong>Secretaria:<\/strong><br \/>\n<span style=\"color: #000000;\">secretaria@cm-fornosdealgodres.pt<\/span><\/p>\n<p><strong>Sec\u00e7\u00e3o de Taxas e Licen\u00e7as:<\/strong><br \/>\n<span style=\"color: #000000;\">taxas@cm-fornosdealgodres.pt<\/span><\/p>\n<p><strong>Servi\u00e7o Municipal de Veterin\u00e1ria:<\/strong><br \/>\n<span style=\"color: #000000;\">castelobranco@cm-fornosdealgodres.pt<\/span><\/p>\n<p><strong>Inform\u00e1tica:<\/strong><br \/>\n<span style=\"color: #000000;\">informatica@cm-fornosdealgodres.pt<\/span><\/p>\n<\/div><\/section><br \/>\n\n<style type=\"text\/css\" data-created_by=\"avia_inline_auto\" id=\"style-css-av-av_hr-c6d892c925cc1525722161be66eb3b71\">\n#top .hr.av-av_hr-c6d892c925cc1525722161be66eb3b71{\nmargin-top:18px;\nmargin-bottom:30px;\n}\n.hr.av-av_hr-c6d892c925cc1525722161be66eb3b71 .hr-inner{\nwidth:20%;\nmax-width:45%;\n}\n<\/style>\n<div  class='hr av-av_hr-c6d892c925cc1525722161be66eb3b71 hr-custom  avia-builder-el-7  el_after_av_textblock  avia-builder-el-last  hr-center hr-icon-yes'><span class='hr-inner inner-border-av-border-thin'><span class=\"hr-inner-style\"><\/span><\/span><span class='av-seperator-icon avia-iconfont avia-font-entypo-fontello' data-av_icon='\ue8bf' data-av_iconfont='entypo-fontello' ><\/span><span class='hr-inner inner-border-av-border-thin'><span class=\"hr-inner-style\"><\/span><\/span><\/div><\/p><\/div>\n<style type=\"text\/css\" data-created_by=\"avia_inline_auto\" id=\"style-css-av-av_one_half-7d2587952365c474069b213b4b27782c\">\n#top .flex_column_table.av-equal-height-column-flextable.av-av_one_half-7d2587952365c474069b213b4b27782c{\nmargin-top:-90px;\nmargin-bottom:0px;\n}\n.flex_column.av-av_one_half-7d2587952365c474069b213b4b27782c{\nborder-radius:0px 0px 0px 0px;\npadding:30px 30px 30px 30px;\nbackground-color:#83a846;\n}\n<\/style>\n<div  class='flex_column av-av_one_half-7d2587952365c474069b213b4b27782c av_one_half  avia-builder-el-8  el_after_av_one_half  avia-builder-el-last  no_margin flex_column_table_cell av-equal-height-column av-align-top  '     ><p>\n<style type=\"text\/css\" data-created_by=\"avia_inline_auto\" id=\"style-css-av-av_heading-1541c4dd21fdc3d79315d4826da6efe0\">\n#top .av-special-heading.av-av_heading-1541c4dd21fdc3d79315d4826da6efe0{\npadding-bottom:0;\ncolor:#ffffff;\nfont-size:30px;\n}\nbody .av-special-heading.av-av_heading-1541c4dd21fdc3d79315d4826da6efe0 .av-special-heading-tag .heading-char{\nfont-size:25px;\n}\n#top #wrap_all .av-special-heading.av-av_heading-1541c4dd21fdc3d79315d4826da6efe0 .av-special-heading-tag{\nfont-size:30px;\n}\n.av-special-heading.av-av_heading-1541c4dd21fdc3d79315d4826da6efe0 .special-heading-inner-border{\nborder-color:#ffffff;\n}\n.av-special-heading.av-av_heading-1541c4dd21fdc3d79315d4826da6efe0 .av-subheading{\nfont-size:13px;\n}\n\n@media only screen and (min-width: 480px) and (max-width: 767px){ \n#top #wrap_all .av-special-heading.av-av_heading-1541c4dd21fdc3d79315d4826da6efe0 .av-special-heading-tag{\nfont-size:0.8em;\n}\n}\n\n@media only screen and (max-width: 479px){ \n#top #wrap_all .av-special-heading.av-av_heading-1541c4dd21fdc3d79315d4826da6efe0 .av-special-heading-tag{\nfont-size:0.8em;\n}\n}\n<\/style>\n<div  class='av-special-heading av-av_heading-1541c4dd21fdc3d79315d4826da6efe0 av-special-heading-h3 custom-color-heading blockquote modern-quote modern-centered  avia-builder-el-9  el_before_av_hr  avia-builder-el-first  av-inherit-size'><h3 class='av-special-heading-tag '  itemprop=\"headline\"  >Contacte-nos<\/h3><div class='av_custom_color av-subheading av-subheading_below'><p>Utilize o formul\u00e1rio para nos contactar<\/p>\n<\/div><div class=\"special-heading-border\"><div class=\"special-heading-inner-border\"><\/div><\/div><\/div><br \/>\n\n<style type=\"text\/css\" data-created_by=\"avia_inline_auto\" id=\"style-css-av-av_hr-99f14bf94a9bfba477f6d7c4121b8648\">\n#top .hr.av-av_hr-99f14bf94a9bfba477f6d7c4121b8648{\nmargin-top:30px;\nmargin-bottom:30px;\n}\n.hr.av-av_hr-99f14bf94a9bfba477f6d7c4121b8648 .hr-inner{\nwidth:20%;\nborder-color:rgba(255,255,255,0.3);\nmax-width:45%;\n}\n.hr.av-av_hr-99f14bf94a9bfba477f6d7c4121b8648 .av-seperator-icon{\ncolor:#ffffff;\n}\n.hr.av-av_hr-99f14bf94a9bfba477f6d7c4121b8648 .av-seperator-icon.avia-svg-icon svg:first-child{\nfill:#ffffff;\nstroke:#ffffff;\n}\n<\/style>\n<div  class='hr av-av_hr-99f14bf94a9bfba477f6d7c4121b8648 hr-custom  avia-builder-el-10  el_after_av_heading  el_before_av_contact  hr-center hr-icon-yes'><span class='hr-inner inner-border-av-border-thin'><span class=\"hr-inner-style\"><\/span><\/span><span class='av-seperator-icon avia-iconfont avia-font-entypo-fontello' data-av_icon='\ue8bf' data-av_iconfont='entypo-fontello' ><\/span><span class='hr-inner inner-border-av-border-thin'><span class=\"hr-inner-style\"><\/span><\/span><\/div><br \/>\n<form action=\"https:\/\/www.cm-fornosdealgodres.pt\/plataforma-jovem\/contactos\/\" method=\"post\" data-fields-with-error=\"Found errors in the following field(s):\" class=\"avia_ajax_form av-form-labels-hidden   avia-builder-el-11  el_after_av_hr  avia-builder-el-last  av-centered-form  av-custom-form-color av-dark-form \" data-avia-form-id=\"1\" data-avia-redirect='' ><fieldset><p class='  first_form  form_element form_element_half' id='element_avia_1_1'><label for=\"avia_1_1\">Nome <abbr class=\"required\" title=\"required\">*<\/abbr><\/label> <input name=\"avia_1_1\" class=\"text_input is_empty\" type=\"text\" id=\"avia_1_1\" value=\"\"  placeholder='Nome*'\/><\/p><p class='  form_element form_element_half' id='element_avia_2_1'><label for=\"avia_2_1\">E-Mail <abbr class=\"required\" title=\"required\">*<\/abbr><\/label> <input name=\"avia_2_1\" class=\"text_input is_email\" type=\"text\" id=\"avia_2_1\" value=\"\"  placeholder='E-Mail*'\/><\/p><p class='  first_form  form_element form_fullwidth' id='element_avia_3_1'><label for=\"avia_3_1\">Assunto <abbr class=\"required\" title=\"required\">*<\/abbr><\/label> <input name=\"avia_3_1\" class=\"text_input is_empty\" type=\"text\" id=\"avia_3_1\" value=\"\"  placeholder='Assunto*'\/><\/p><p class='  first_form  form_element form_fullwidth' id='element_avia_4_1'><label for=\"avia_4_1\" class=\"textare_label hidden textare_label_avia_4_1\">Mensagem <abbr class=\"required\" title=\"required\">*<\/abbr><\/label><textarea  placeholder='Mensagem*' name=\"avia_4_1\" class=\"text_area is_empty\" cols=\"40\" rows=\"7\" id=\"avia_4_1\" ><\/textarea><\/p><p class=\"hidden\"><input type=\"text\" name=\"avia_5_1\" class=\"hidden \" id=\"avia_5_1\" value=\"\" \/><\/p><p class='   form_element form_fullwidth' id='element_avia_6_1'><span class='value_verifier_label'>4 + 4 = ?<\/span><input name=\"avia_6_1_verifier\" type=\"hidden\" id=\"avia_6_1_verifier\" value=\"458828433\"\/><label for=\"avia_6_1\">Please prove that you are human by solving the equation <abbr class=\"required\" title=\"required\">*<\/abbr><\/label><input name=\"avia_6_1\" class=\"text_input captcha\" type=\"text\" id=\"avia_6_1\" value=\"\"\/><\/p><p class=\"form_element \"><input type=\"hidden\" value=\"1\" name=\"avia_generated_form1\" \/><input type=\"submit\" value=\"Submeter\" class=\"button\"  data-sending-label=\"Sending\"\/><\/p><\/fieldset><\/form><div id=\"ajaxresponse_1\" class=\"ajaxresponse ajaxresponse_1 hidden\"><\/div><\/p><\/div><\/div><!--close column table wrapper. Autoclose: 1 --><\/div><\/div><\/div><!-- close content main div --><\/div><\/div><div id='after_section_1'  class='main_color av_default_container_wrap container_wrap sidebar_right'  ><div class='container av-section-cont-open' ><div class='template-page content  av-content-small alpha units'><div class='post-entry post-entry-type-page post-entry-98'><div class='entry-content-wrapper clearfix'>\n","protected":false},"excerpt":{"rendered":"","protected":false},"author":1,"featured_media":0,"parent":0,"menu_order":1,"comment_status":"closed","ping_status":"closed","template":"","meta":{"_acf_changed":false,"_bbp_topic_count":0,"_bbp_reply_count":0,"_bbp_total_topic_count":0,"_bbp_total_reply_count":0,"_bbp_voice_count":0,"_bbp_anonymous_reply_count":0,"_bbp_topic_count_hidden":0,"_bbp_reply_count_hidden":0,"_bbp_forum_subforum_count":0,"footnotes":""},"class_list":["post-98","page","type-page","status-publish","hentry"],"acf":[],"yoast_head":"<!-- This site is optimized with the Yoast SEO plugin v27.5 - https:\/\/yoast.com\/product\/yoast-seo-wordpress\/ -->\n<title>Contactos - Plataforma-jovem<\/title>\n<meta name=\"robots\" content=\"index, follow, max-snippet:-1, max-image-preview:large, max-video-preview:-1\" \/>\n<link rel=\"canonical\" href=\"https:\/\/www.cm-fornosdealgodres.pt\/plataforma-jovem\/contactos\/\" \/>\n<meta property=\"og:locale\" content=\"pt_PT\" \/>\n<meta property=\"og:type\" content=\"article\" \/>\n<meta property=\"og:title\" content=\"Contactos - Plataforma-jovem\" \/>\n<meta property=\"og:url\" content=\"https:\/\/www.cm-fornosdealgodres.pt\/plataforma-jovem\/contactos\/\" \/>\n<meta property=\"og:site_name\" content=\"Plataforma-jovem\" \/>\n<meta property=\"article:modified_time\" content=\"2019-04-12T14:52:59+00:00\" \/>\n<meta name=\"twitter:card\" content=\"summary_large_image\" \/>\n<meta name=\"twitter:label1\" content=\"Tempo estimado de leitura\" \/>\n\t<meta name=\"twitter:data1\" content=\"4 minutos\" \/>\n<script type=\"application\/ld+json\" class=\"yoast-schema-graph\">{\"@context\":\"https:\\\/\\\/schema.org\",\"@graph\":[{\"@type\":\"WebPage\",\"@id\":\"https:\\\/\\\/www.cm-fornosdealgodres.pt\\\/plataforma-jovem\\\/contactos\\\/\",\"url\":\"https:\\\/\\\/www.cm-fornosdealgodres.pt\\\/plataforma-jovem\\\/contactos\\\/\",\"name\":\"Contactos - Plataforma-jovem\",\"isPartOf\":{\"@id\":\"https:\\\/\\\/www.cm-fornosdealgodres.pt\\\/plataforma-jovem\\\/#website\"},\"datePublished\":\"2014-08-24T17:28:24+00:00\",\"dateModified\":\"2019-04-12T14:52:59+00:00\",\"breadcrumb\":{\"@id\":\"https:\\\/\\\/www.cm-fornosdealgodres.pt\\\/plataforma-jovem\\\/contactos\\\/#breadcrumb\"},\"inLanguage\":\"pt-PT\",\"potentialAction\":[{\"@type\":\"ReadAction\",\"target\":[\"https:\\\/\\\/www.cm-fornosdealgodres.pt\\\/plataforma-jovem\\\/contactos\\\/\"]}]},{\"@type\":\"BreadcrumbList\",\"@id\":\"https:\\\/\\\/www.cm-fornosdealgodres.pt\\\/plataforma-jovem\\\/contactos\\\/#breadcrumb\",\"itemListElement\":[{\"@type\":\"ListItem\",\"position\":1,\"name\":\"In\u00edcio\",\"item\":\"https:\\\/\\\/www.cm-fornosdealgodres.pt\\\/plataforma-jovem\\\/\"},{\"@type\":\"ListItem\",\"position\":2,\"name\":\"Contactos\"}]},{\"@type\":\"WebSite\",\"@id\":\"https:\\\/\\\/www.cm-fornosdealgodres.pt\\\/plataforma-jovem\\\/#website\",\"url\":\"https:\\\/\\\/www.cm-fornosdealgodres.pt\\\/plataforma-jovem\\\/\",\"name\":\"Plataforma-jovem\",\"description\":\"Uma hist\u00f3ria que nos toca\",\"potentialAction\":[{\"@type\":\"SearchAction\",\"target\":{\"@type\":\"EntryPoint\",\"urlTemplate\":\"https:\\\/\\\/www.cm-fornosdealgodres.pt\\\/plataforma-jovem\\\/?s={search_term_string}\"},\"query-input\":{\"@type\":\"PropertyValueSpecification\",\"valueRequired\":true,\"valueName\":\"search_term_string\"}}],\"inLanguage\":\"pt-PT\"}]}<\/script>\n<!-- \/ Yoast SEO plugin. -->","yoast_head_json":{"title":"Contactos - Plataforma-jovem","robots":{"index":"index","follow":"follow","max-snippet":"max-snippet:-1","max-image-preview":"max-image-preview:large","max-video-preview":"max-video-preview:-1"},"canonical":"https:\/\/www.cm-fornosdealgodres.pt\/plataforma-jovem\/contactos\/","og_locale":"pt_PT","og_type":"article","og_title":"Contactos - Plataforma-jovem","og_url":"https:\/\/www.cm-fornosdealgodres.pt\/plataforma-jovem\/contactos\/","og_site_name":"Plataforma-jovem","article_modified_time":"2019-04-12T14:52:59+00:00","twitter_card":"summary_large_image","twitter_misc":{"Tempo estimado de leitura":"4 minutos"},"schema":{"@context":"https:\/\/schema.org","@graph":[{"@type":"WebPage","@id":"https:\/\/www.cm-fornosdealgodres.pt\/plataforma-jovem\/contactos\/","url":"https:\/\/www.cm-fornosdealgodres.pt\/plataforma-jovem\/contactos\/","name":"Contactos - Plataforma-jovem","isPartOf":{"@id":"https:\/\/www.cm-fornosdealgodres.pt\/plataforma-jovem\/#website"},"datePublished":"2014-08-24T17:28:24+00:00","dateModified":"2019-04-12T14:52:59+00:00","breadcrumb":{"@id":"https:\/\/www.cm-fornosdealgodres.pt\/plataforma-jovem\/contactos\/#breadcrumb"},"inLanguage":"pt-PT","potentialAction":[{"@type":"ReadAction","target":["https:\/\/www.cm-fornosdealgodres.pt\/plataforma-jovem\/contactos\/"]}]},{"@type":"BreadcrumbList","@id":"https:\/\/www.cm-fornosdealgodres.pt\/plataforma-jovem\/contactos\/#breadcrumb","itemListElement":[{"@type":"ListItem","position":1,"name":"In\u00edcio","item":"https:\/\/www.cm-fornosdealgodres.pt\/plataforma-jovem\/"},{"@type":"ListItem","position":2,"name":"Contactos"}]},{"@type":"WebSite","@id":"https:\/\/www.cm-fornosdealgodres.pt\/plataforma-jovem\/#website","url":"https:\/\/www.cm-fornosdealgodres.pt\/plataforma-jovem\/","name":"Plataforma-jovem","description":"Uma hist\u00f3ria que nos toca","potentialAction":[{"@type":"SearchAction","target":{"@type":"EntryPoint","urlTemplate":"https:\/\/www.cm-fornosdealgodres.pt\/plataforma-jovem\/?s={search_term_string}"},"query-input":{"@type":"PropertyValueSpecification","valueRequired":true,"valueName":"search_term_string"}}],"inLanguage":"pt-PT"}]}},"_links":{"self":[{"href":"https:\/\/www.cm-fornosdealgodres.pt\/plataforma-jovem\/wp-json\/wp\/v2\/pages\/98","targetHints":{"allow":["GET"]}}],"collection":[{"href":"https:\/\/www.cm-fornosdealgodres.pt\/plataforma-jovem\/wp-json\/wp\/v2\/pages"}],"about":[{"href":"https:\/\/www.cm-fornosdealgodres.pt\/plataforma-jovem\/wp-json\/wp\/v2\/types\/page"}],"author":[{"embeddable":true,"href":"https:\/\/www.cm-fornosdealgodres.pt\/plataforma-jovem\/wp-json\/wp\/v2\/users\/1"}],"replies":[{"embeddable":true,"href":"https:\/\/www.cm-fornosdealgodres.pt\/plataforma-jovem\/wp-json\/wp\/v2\/comments?post=98"}],"version-history":[{"count":0,"href":"https:\/\/www.cm-fornosdealgodres.pt\/plataforma-jovem\/wp-json\/wp\/v2\/pages\/98\/revisions"}],"wp:attachment":[{"href":"https:\/\/www.cm-fornosdealgodres.pt\/plataforma-jovem\/wp-json\/wp\/v2\/media?parent=98"}],"curies":[{"name":"wp","href":"https:\/\/api.w.org\/{rel}","templated":true}]}}